{"id":823,"date":"2023-06-09T16:05:13","date_gmt":"2023-06-09T14:05:13","guid":{"rendered":"https:\/\/couvreur-loireatlantique.fr\/?page_id=823"},"modified":"2023-06-12T22:13:45","modified_gmt":"2023-06-12T20:13:45","slug":"urgence-depannage","status":"publish","type":"page","link":"https:\/\/couvreur-loireatlantique.fr\/index.php\/urgence-depannage\/","title":{"rendered":"Urgence &#038; D\u00e9pannage"},"content":{"rendered":"\t\t<div data-elementor-type=\"wp-page\" data-elementor-id=\"823\" class=\"elementor elementor-823\">\n\t\t\t\t\t\t<section class=\"elementor-section elementor-top-section elementor-element elementor-element-76da4cc elementor-section-boxed elementor-section-height-default elementor-section-height-default wpr-particle-no wpr-jarallax-no wpr-parallax-no wpr-sticky-section-no\" data-id=\"76da4cc\" data-element_type=\"section\" data-settings=\"{&quot;background_background&quot;:&quot;gradient&quot;}\">\n\t\t\t\t\t\t<div class=\"elementor-container elementor-column-gap-default\">\n\t\t\t\t\t<div class=\"elementor-column elementor-col-100 elementor-top-column elementor-element elementor-element-1e7d249\" data-id=\"1e7d249\" data-element_type=\"column\">\n\t\t\t<div class=\"elementor-widget-wrap elementor-element-populated\">\n\t\t\t\t\t\t<div class=\"elementor-element elementor-element-93b6c5f elementor-widget elementor-widget-heading\" data-id=\"93b6c5f\" data-element_type=\"widget\" data-widget_type=\"heading.default\">\n\t\t\t\t<div class=\"elementor-widget-container\">\n\t\t\t\t\t<h2 class=\"elementor-heading-title elementor-size-default\">PELTIER COUVERTURE<\/h2>\t\t\t\t<\/div>\n\t\t\t\t<\/div>\n\t\t\t\t<div class=\"elementor-element elementor-element-f0b0daf elementor-widget elementor-widget-heading\" data-id=\"f0b0daf\" data-element_type=\"widget\" data-widget_type=\"heading.default\">\n\t\t\t\t<div class=\"elementor-widget-container\">\n\t\t\t\t\t<h2 class=\"elementor-heading-title elementor-size-default\">Urgence &amp; D\u00e9pannage<br>24\/24h<\/h2>\t\t\t\t<\/div>\n\t\t\t\t<\/div>\n\t\t\t\t<div class=\"elementor-element elementor-element-bfe1fdb elementor-widget-divider--view-line elementor-widget elementor-widget-divider\" data-id=\"bfe1fdb\" data-element_type=\"widget\" data-widget_type=\"divider.default\">\n\t\t\t\t<div class=\"elementor-widget-container\">\n\t\t\t\t\t\t\t<div class=\"elementor-divider\">\n\t\t\t<span class=\"elementor-divider-separator\">\n\t\t\t\t\t\t<\/span>\n\t\t<\/div>\n\t\t\t\t\t\t<\/div>\n\t\t\t\t<\/div>\n\t\t\t\t<section class=\"elementor-section elementor-inner-section elementor-element elementor-element-51b1603 elementor-section-boxed elementor-section-height-default elementor-section-height-default wpr-particle-no wpr-jarallax-no wpr-parallax-no wpr-sticky-section-no\" data-id=\"51b1603\" data-element_type=\"section\">\n\t\t\t\t\t\t<div class=\"elementor-container elementor-column-gap-default\">\n\t\t\t\t\t<div class=\"elementor-column elementor-col-33 elementor-inner-column elementor-element elementor-element-4a9bdb4\" data-id=\"4a9bdb4\" data-element_type=\"column\">\n\t\t\t<div class=\"elementor-widget-wrap\">\n\t\t\t\t\t\t\t<\/div>\n\t\t<\/div>\n\t\t\t\t<div class=\"elementor-column elementor-col-33 elementor-inner-column elementor-element elementor-element-2703207\" data-id=\"2703207\" data-element_type=\"column\">\n\t\t\t<div class=\"elementor-widget-wrap elementor-element-populated\">\n\t\t\t\t\t\t<div class=\"elementor-element elementor-element-a17ff39 elementor-widget elementor-widget-text-editor\" data-id=\"a17ff39\" data-element_type=\"widget\" data-widget_type=\"text-editor.default\">\n\t\t\t\t<div class=\"elementor-widget-container\">\n\t\t\t\t\t\t\t\t\t<p class=\"p1\" style=\"text-align: center;\"><span style=\"color: #ffffff;\"><strong><span class=\"s1\">Si vous constatez une fuite dans votre toiture, contactez l\u2019entreprise PELTIER Couverture, couvreur sp\u00e9cialiste de toiture, nous interviendrons en urgence.<\/span><\/strong><\/span><\/p><p class=\"p1\" style=\"text-align: center;\"><span class=\"s1\" style=\"color: #ffffff;\">Apr\u00e8s un\u00a0<strong>diagnostic<\/strong>\u00a0nos couvreurs pourront vous proposer\u00a0<strong>plusieurs solutions<\/strong>.<\/span><\/p><p class=\"p1\" style=\"text-align: center;\"><span style=\"color: #ff0000;\"><strong><span class=\"s1\">R\u00e9paration\u00a0de tuiles poreuses non fissur\u00e9es :<\/span><\/strong><\/span><\/p><p class=\"p1\" style=\"text-align: center;\"><span class=\"s1\" style=\"color: #ffffff;\">Si vos tuiles sont poreuses mais non fissur\u00e9es nos couvreurs pourrons renforcer leur \u00e9tanch\u00e9it\u00e9. L\u2019objectif d\u2019une telle intervention sera de combler la porosit\u00e9 en renfor\u00e7ant le fond de vos tuiles poreuses.<\/span><\/p><p class=\"p2\" style=\"text-align: center;\"><span style=\"color: #ff0000;\"><strong>Remplacement\u00a0de tuiles :<\/strong><\/span><\/p><p class=\"p1\" style=\"text-align: center;\"><span class=\"s1\" style=\"color: #ffffff;\">Si les infiltrations sont trop importantes nos couvreurs seront alors oblig\u00e9s de remplacer des tuiles.<\/span><\/p><p class=\"p1\" style=\"text-align: center;\"><span class=\"s1\" style=\"color: #ffffff;\">Vous pourrez dans tous les cas compter sur notre expertise et notre disponibilit\u00e9 pour\u00a0<strong>intervenir\u00a0dans les plus brefs d\u00e9lais<\/strong>\u00a0pour vous d\u00e9panner et mettre fin \u00e0 votre sinistre.<\/span><\/p>\t\t\t\t\t\t\t\t<\/div>\n\t\t\t\t<\/div>\n\t\t\t\t<div class=\"elementor-element elementor-element-46557b8 elementor-align-center elementor-widget elementor-widget-button\" data-id=\"46557b8\" data-element_type=\"widget\" data-widget_type=\"button.default\">\n\t\t\t\t<div class=\"elementor-widget-container\">\n\t\t\t\t\t\t\t\t\t<div class=\"elementor-button-wrapper\">\n\t\t\t\t\t<a class=\"elementor-button elementor-button-link elementor-size-sm\" href=\"tel:0761671302\">\n\t\t\t\t\t\t<span class=\"elementor-button-content-wrapper\">\n\t\t\t\t\t\t\t\t\t<span class=\"elementor-button-text\">07 61 67 13 02<\/span>\n\t\t\t\t\t<\/span>\n\t\t\t\t\t<\/a>\n\t\t\t\t<\/div>\n\t\t\t\t\t\t\t\t<\/div>\n\t\t\t\t<\/div>\n\t\t\t\t\t<\/div>\n\t\t<\/div>\n\t\t\t\t<div class=\"elementor-column elementor-col-33 elementor-inner-column elementor-element elementor-element-b20826a\" data-id=\"b20826a\" data-element_type=\"column\">\n\t\t\t<div class=\"elementor-widget-wrap\">\n\t\t\t\t\t\t\t<\/div>\n\t\t<\/div>\n\t\t\t\t\t<\/div>\n\t\t<\/section>\n\t\t\t\t\t<\/div>\n\t\t<\/div>\n\t\t\t\t\t<\/div>\n\t\t<\/section>\n\t\t\t\t<section class=\"elementor-section elementor-top-section elementor-element elementor-element-21331f2 elementor-section-boxed elementor-section-height-default elementor-section-height-default wpr-particle-no wpr-jarallax-no wpr-parallax-no wpr-sticky-section-no\" data-id=\"21331f2\" data-element_type=\"section\" data-settings=\"{&quot;background_background&quot;:&quot;gradient&quot;}\">\n\t\t\t\t\t\t<div class=\"elementor-container elementor-column-gap-default\">\n\t\t\t\t\t<div class=\"elementor-column elementor-col-100 elementor-top-column elementor-element elementor-element-132bc0b elementor-invisible\" data-id=\"132bc0b\" data-element_type=\"column\" data-settings=\"{&quot;animation&quot;:&quot;fadeIn&quot;,&quot;animation_delay&quot;:100}\">\n\t\t\t<div class=\"elementor-widget-wrap elementor-element-populated\">\n\t\t\t\t\t\t<div class=\"elementor-element elementor-element-bd35a4b elementor-widget elementor-widget-heading\" data-id=\"bd35a4b\" data-element_type=\"widget\" data-widget_type=\"heading.default\">\n\t\t\t\t<div class=\"elementor-widget-container\">\n\t\t\t\t\t<h2 class=\"elementor-heading-title elementor-size-default\">CONTACT<\/h2>\t\t\t\t<\/div>\n\t\t\t\t<\/div>\n\t\t\t\t<div class=\"elementor-element elementor-element-142f74f elementor-widget-divider--view-line elementor-widget elementor-widget-divider\" data-id=\"142f74f\" data-element_type=\"widget\" data-widget_type=\"divider.default\">\n\t\t\t\t<div class=\"elementor-widget-container\">\n\t\t\t\t\t\t\t<div class=\"elementor-divider\">\n\t\t\t<span class=\"elementor-divider-separator\">\n\t\t\t\t\t\t<\/span>\n\t\t<\/div>\n\t\t\t\t\t\t<\/div>\n\t\t\t\t<\/div>\n\t\t\t\t<section class=\"elementor-section elementor-inner-section elementor-element elementor-element-b0e56c6 elementor-section-boxed elementor-section-height-default elementor-section-height-default wpr-particle-no wpr-jarallax-no wpr-parallax-no wpr-sticky-section-no\" data-id=\"b0e56c6\" data-element_type=\"section\">\n\t\t\t\t\t\t<div class=\"elementor-container elementor-column-gap-default\">\n\t\t\t\t\t<div class=\"elementor-column elementor-col-100 elementor-inner-column elementor-element elementor-element-547fb3e\" data-id=\"547fb3e\" data-element_type=\"column\">\n\t\t\t<div class=\"elementor-widget-wrap elementor-element-populated\">\n\t\t\t\t\t\t<div class=\"elementor-element elementor-element-4dec195 elementor-widget elementor-widget-heading\" data-id=\"4dec195\" data-element_type=\"widget\" data-widget_type=\"heading.default\">\n\t\t\t\t<div class=\"elementor-widget-container\">\n\t\t\t\t\t<h2 class=\"elementor-heading-title elementor-size-default\">Si\u00e8ge social<\/h2>\t\t\t\t<\/div>\n\t\t\t\t<\/div>\n\t\t\t\t<div class=\"elementor-element elementor-element-66cf46f elementor-align-center elementor-icon-list--layout-traditional elementor-list-item-link-full_width elementor-widget elementor-widget-icon-list\" data-id=\"66cf46f\" data-element_type=\"widget\" data-widget_type=\"icon-list.default\">\n\t\t\t\t<div class=\"elementor-widget-container\">\n\t\t\t\t\t\t\t<ul class=\"elementor-icon-list-items\">\n\t\t\t\t\t\t\t<li class=\"elementor-icon-list-item\">\n\t\t\t\t\t\t\t\t\t\t\t<a href=\"tel:0761671302\">\n\n\t\t\t\t\t\t\t\t\t\t\t\t<span class=\"elementor-icon-list-icon\">\n\t\t\t\t\t\t\t<i aria-hidden=\"true\" class=\"fas fa-phone-alt\"><\/i>\t\t\t\t\t\t<\/span>\n\t\t\t\t\t\t\t\t\t\t<span class=\"elementor-icon-list-text\">07 61 67 13 02<\/span>\n\t\t\t\t\t\t\t\t\t\t\t<\/a>\n\t\t\t\t\t\t\t\t\t<\/li>\n\t\t\t\t\t\t\t\t<li class=\"elementor-icon-list-item\">\n\t\t\t\t\t\t\t\t\t\t\t<span class=\"elementor-icon-list-icon\">\n\t\t\t\t\t\t\t<i aria-hidden=\"true\" class=\"fas fa-map-marker-alt\"><\/i>\t\t\t\t\t\t<\/span>\n\t\t\t\t\t\t\t\t\t\t<span class=\"elementor-icon-list-text\">115 rue du plessis<br>44440 Riaill\u00e9<\/span>\n\t\t\t\t\t\t\t\t\t<\/li>\n\t\t\t\t\t\t<\/ul>\n\t\t\t\t\t\t<\/div>\n\t\t\t\t<\/div>\n\t\t\t\t\t<\/div>\n\t\t<\/div>\n\t\t\t\t\t<\/div>\n\t\t<\/section>\n\t\t\t\t\t<\/div>\n\t\t<\/div>\n\t\t\t\t\t<\/div>\n\t\t<\/section>\n\t\t\t\t<\/div>\n\t\t","protected":false},"excerpt":{"rendered":"<p>PELTIER COUVERTURE Urgence &#038; D\u00e9pannage24\/24h Si vous constatez une fuite dans votre toiture, contactez l\u2019entreprise PELTIER Couverture, couvreur sp\u00e9cialiste de toiture, nous interviendrons en urgence. Apr\u00e8s un\u00a0diagnostic\u00a0nos couvreurs pourront vous proposer\u00a0plusieurs solutions. R\u00e9paration\u00a0de tuiles poreuses non fissur\u00e9es : Si vos tuiles sont poreuses mais non fissur\u00e9es nos couvreurs pourrons renforcer leur \u00e9tanch\u00e9it\u00e9. L\u2019objectif d\u2019une telle intervention sera de combler la porosit\u00e9 en renfor\u00e7ant le fond de vos tuiles poreuses. Remplacement\u00a0de tuiles : Si les infiltrations sont trop importantes nos couvreurs seront alors oblig\u00e9s de remplacer des tuiles. Vous pourrez dans tous les cas compter sur notre expertise et notre disponibilit\u00e9 pour\u00a0intervenir\u00a0dans les plus brefs d\u00e9lais\u00a0pour vous d\u00e9panner et mettre fin \u00e0 votre sinistre. 07 61 67 13 02 CONTACT Si\u00e8ge social 07 61 67 13 02 115 rue du plessis44440 Riaill\u00e9<\/p>\n","protected":false},"author":1,"featured_media":0,"parent":0,"menu_order":0,"comment_status":"closed","ping_status":"closed","template":"","meta":{"footnotes":""},"class_list":["post-823","page","type-page","status-publish","hentry"],"_links":{"self":[{"href":"https:\/\/couvreur-loireatlantique.fr\/index.php\/wp-json\/wp\/v2\/pages\/823","targetHints":{"allow":["GET"]}}],"collection":[{"href":"https:\/\/couvreur-loireatlantique.fr\/index.php\/wp-json\/wp\/v2\/pages"}],"about":[{"href":"https:\/\/couvreur-loireatlantique.fr\/index.php\/wp-json\/wp\/v2\/types\/page"}],"author":[{"embeddable":true,"href":"https:\/\/couvreur-loireatlantique.fr\/index.php\/wp-json\/wp\/v2\/users\/1"}],"replies":[{"embeddable":true,"href":"https:\/\/couvreur-loireatlantique.fr\/index.php\/wp-json\/wp\/v2\/comments?post=823"}],"version-history":[{"count":28,"href":"https:\/\/couvreur-loireatlantique.fr\/index.php\/wp-json\/wp\/v2\/pages\/823\/revisions"}],"predecessor-version":[{"id":1586,"href":"https:\/\/couvreur-loireatlantique.fr\/index.php\/wp-json\/wp\/v2\/pages\/823\/revisions\/1586"}],"wp:attachment":[{"href":"https:\/\/couvreur-loireatlantique.fr\/index.php\/wp-json\/wp\/v2\/media?parent=823"}],"curies":[{"name":"wp","href":"https:\/\/api.w.org\/{rel}","templated":true}]}}